{"id":29,"date":"2022-02-06T13:16:27","date_gmt":"2022-02-06T13:16:27","guid":{"rendered":"https:\/\/bugard.com.co\/?page_id=29"},"modified":"2022-02-28T21:11:57","modified_gmt":"2022-02-28T21:11:57","slug":"home","status":"publish","type":"page","link":"https:\/\/bugard.com.co\/","title":{"rendered":"Hogar"},"content":{"rendered":"\n<div class=\"wp-block-cover alignfull is-light hestia-clear-top-padding\"><span aria-hidden=\"true\" class=\"has-white-background-color has-background-dim-100 wp-block-cover__gradient-background has-background-dim\"><\/span><div class=\"wp-block-cover__inner-container is-layout-flow wp-block-cover-is-layout-flow\">\n<h2 class=\"has-text-align-center has-text-color wp-block-heading\" id=\"lo-que-representamos\" style=\"color:#3c4858\">Lo que representamos<\/h2>\n\n\n\n<div style=\"height:40px\" aria-hidden=\"true\" class=\"wp-block-spacer\"><\/div>\n\n\n\n<div class=\"wp-block-columns container is-layout-flex wp-container-core-columns-is-layout-9d6595d7 wp-block-columns-is-layout-flex\">\n<div class=\"wp-block-column is-layout-flow wp-block-column-is-layout-flow\">\n<div class=\"wp-block-image\"><figure class=\"aligncenter size-large\"><img decoding=\"async\" src=\"https:\/\/bugard.com.co\/wp-content\/themes\/hestia\/assets\/img\/feat1.png\" alt=\"\" class=\"wp-image-70\"\/><\/figure><\/div>\n\n\n\n<h5 class=\"has-text-align-center has-text-color wp-block-heading\" id=\"natural\" style=\"color:#3c4858;font-size:18px\">Natural<\/h5>\n\n\n\n<p class=\"has-text-align-center has-text-color\" style=\"color:#999999;font-size:14px\"><strong>EuropaFrost\u2122<\/strong> es un refrigerante natural, ecol\u00f3gico y ahorrador de energ\u00eda, desarrollado por un equipo de ingenieros de amplia trayectoria y experiencia, que aportaron mejoras al cambio clim\u00e1tico.<\/p>\n\n\n\n<div style=\"height:25px\" aria-hidden=\"true\" class=\"wp-block-spacer\"><\/div>\n<\/div>\n\n\n\n<div class=\"wp-block-column is-layout-flow wp-block-column-is-layout-flow\">\n<div class=\"wp-block-image\"><figure class=\"aligncenter size-large\"><img decoding=\"async\" src=\"https:\/\/bugard.com.co\/wp-content\/themes\/hestia\/assets\/img\/feat2.png\" alt=\"\" class=\"wp-image-71\"\/><\/figure><\/div>\n\n\n\n<h5 class=\"has-text-align-center has-text-color wp-block-heading\" id=\"ahorro\" style=\"color:#3c4858;font-size:18px\">Ahorro $<\/h5>\n\n\n\n<p class=\"has-text-align-center has-text-color\" style=\"color:#999999;font-size:14px\"><strong>Reducimos <\/strong>el consumo de los sistemas de aire acondicionado y refrigeraci\u00f3n <strong>sin cambiar o reponer <\/strong>sus equipos actuales.<\/p>\n\n\n\n<div style=\"height:25px\" aria-hidden=\"true\" class=\"wp-block-spacer\"><\/div>\n<\/div>\n\n\n\n<div class=\"wp-block-column is-layout-flow wp-block-column-is-layout-flow\">\n<div class=\"wp-block-image\"><figure class=\"aligncenter size-large\"><img decoding=\"async\" src=\"https:\/\/bugard.com.co\/wp-content\/themes\/hestia\/assets\/img\/feat3.png\" alt=\"\" class=\"wp-image-72\"\/><\/figure><\/div>\n\n\n\n<h5 class=\"has-text-align-center has-text-color wp-block-heading\" id=\"support\" style=\"color:#3c4858;font-size:18px\">Support<\/h5>\n\n\n\n<p class=\"has-text-align-center has-text-color\" style=\"color:#999999;font-size:14px\">Somos miembros de la iniciativa <strong>Green Cooling iniciative<\/strong> del foro internacional en el campo de la refrigeraci\u00f3n y aire acondiconado (RAC) de Alemania.<\/p>\n\n\n\n<div style=\"height:25px\" aria-hidden=\"true\" class=\"wp-block-spacer\"><\/div>\n<\/div>\n<\/div>\n\n\n\n<div style=\"height:40px\" aria-hidden=\"true\" class=\"wp-block-spacer\"><\/div>\n<\/div><\/div>\n\n\n\n<div class=\"wp-block-columns container is-layout-flex wp-container-core-columns-is-layout-9d6595d7 wp-block-columns-is-layout-flex\">\n<div class=\"wp-block-column col-md-5 is-layout-flow wp-block-column-is-layout-flow\">\n<div style=\"height:55px\" aria-hidden=\"true\" class=\"wp-block-spacer\"><\/div>\n\n\n\n<h2 class=\"wp-block-heading\" id=\"acerca-de-bugard-sas\">Acerca de Bugard SAS<\/h2>\n\n\n\n<p> Mejoramos la eficiencia energ\u00e9tica que es una pr\u00e1ctica que tiene como objetivo reducir el consumo de energ\u00eda. <\/p>\n\n\n\n<p>Es as\u00ed como La <strong>eficiencia energ\u00e9tica<\/strong> es el empleo eficiente de la energ\u00eda, de esta manera  optimizar los procesos productivos.<\/p>\n<\/div>\n\n\n\n<div class=\"wp-block-column col-md-6 col-md-offset1 is-layout-flow wp-block-column-is-layout-flow\">\n<div style=\"height:55px\" aria-hidden=\"true\" class=\"wp-block-spacer\"><\/div>\n\n\n\n<figure class=\"wp-block-image size-full\"><img loading=\"lazy\" decoding=\"async\" width=\"205\" height=\"252\" src=\"http:\/\/bugard.com.co\/wp-content\/uploads\/2022\/02\/Imagen4.jpg\" alt=\"\" class=\"wp-image-111\"\/><\/figure>\n<\/div>\n<\/div>\n\n\n\n<p><font _mstmutation=\"1\" _msthash=\"971802\"><\/p>\n\n\n\n<p>Somos pioneros y miembros de la iniciativa [1]&nbsp;de enfriamiento verde, proyecto de la <strong><a href=\"https:\/\/www.green-cooling-initiative.org\/es\/red-de-refrigeracion-verde\/detalle-del-miembro\/bugard-sas\" title=\"Green cooling initiative\">Green cooling initiative<\/a><\/strong><\/p>\n\n\n\n<div class=\"wp-block-group\"><div class=\"wp-block-group__inner-container is-layout-flow wp-block-group-is-layout-flow\">\n<p>La Iniciativa Green Cooling (GCI) es un foro internacional que conecta a los responsables pol\u00edticos, proveedores de tecnolog\u00eda y consumidores, institutos de investigaci\u00f3n y organizaciones no gubernamentales (ONG) en el campo de la <strong>refrigeraci\u00f3n y el aire acondicionado<\/strong> (<strong>RAC<\/strong>). <\/p>\n\n\n\n<p>Ofrece asesoramiento sobre pol\u00edticas y ayuda a desarrollar procesos y estructuras eficientes (desarrollo de capacidades). <\/p>\n\n\n\n<p>Adem\u00e1s, el proyecto avanza en el desarrollo de instituciones de capacitaci\u00f3n y mecanismos de certificaci\u00f3n y promueve el financiamiento clim\u00e1tico privado y p\u00fablico.<\/p>\n<\/div><\/div>\n\n\n\n<hr class=\"wp-block-separator\"\/>\n\n\n\n<p><a id=\"_msocom_1\"><\/a><font _mstmutation=\"1\" _msthash=\"0\"><\/font><\/p>\n\n\n\n<p><font _mstmutation=\"1\" _msthash=\"944034\"><\/p>\n","protected":false},"excerpt":{"rendered":"<p>Acerca de Bugard SAS Mejoramos la eficiencia energ\u00e9tica que es una pr\u00e1ctica que tiene como objetivo reducir el consumo de energ\u00eda. Es as\u00ed como La eficiencia energ\u00e9tica es el empleo eficiente de la energ\u00eda, de esta manera optimizar los procesos productivos. Somos pioneros y miembros de la iniciativa [1]&nbsp;de enfriamiento [&hellip;]<\/p>\n","protected":false},"author":1,"featured_media":74,"parent":0,"menu_order":0,"comment_status":"closed","ping_status":"closed","template":"","meta":{"om_disable_all_campaigns":false,"_monsterinsights_skip_tracking":false,"_monsterinsights_sitenote_active":false,"_monsterinsights_sitenote_note":"","_monsterinsights_sitenote_category":0,"footnotes":""},"class_list":["post-29","page","type-page","status-publish","has-post-thumbnail","hentry"],"aioseo_notices":[],"_links":{"self":[{"href":"https:\/\/bugard.com.co\/index.php?rest_route=\/wp\/v2\/pages\/29","targetHints":{"allow":["GET"]}}],"collection":[{"href":"https:\/\/bugard.com.co\/index.php?rest_route=\/wp\/v2\/pages"}],"about":[{"href":"https:\/\/bugard.com.co\/index.php?rest_route=\/wp\/v2\/types\/page"}],"author":[{"embeddable":true,"href":"https:\/\/bugard.com.co\/index.php?rest_route=\/wp\/v2\/users\/1"}],"replies":[{"embeddable":true,"href":"https:\/\/bugard.com.co\/index.php?rest_route=%2Fwp%2Fv2%2Fcomments&post=29"}],"version-history":[{"count":10,"href":"https:\/\/bugard.com.co\/index.php?rest_route=\/wp\/v2\/pages\/29\/revisions"}],"predecessor-version":[{"id":210,"href":"https:\/\/bugard.com.co\/index.php?rest_route=\/wp\/v2\/pages\/29\/revisions\/210"}],"wp:featuredmedia":[{"embeddable":true,"href":"https:\/\/bugard.com.co\/index.php?rest_route=\/wp\/v2\/media\/74"}],"wp:attachment":[{"href":"https:\/\/bugard.com.co\/index.php?rest_route=%2Fwp%2Fv2%2Fmedia&parent=29"}],"curies":[{"name":"wp","href":"https:\/\/api.w.org\/{rel}","templated":true}]}}