{"id":2,"date":"2022-02-06T12:47:41","date_gmt":"2022-02-06T12:47:41","guid":{"rendered":"http:\/\/bugard.com.co\/?page_id=2"},"modified":"2022-02-06T23:07:04","modified_gmt":"2022-02-06T23:07:04","slug":"control-de-aves","status":"publish","type":"page","link":"https:\/\/bugard.com.co\/?page_id=2","title":{"rendered":"Equipos electr\u00f3nicos control de plagas"},"content":{"rendered":"\n<figure class=\"wp-block-gallery has-nested-images columns-default is-cropped wp-block-gallery-1 is-layout-flex wp-block-gallery-is-layout-flex\">\n<figure class=\"wp-block-image size-large\"><img loading=\"lazy\" decoding=\"async\" width=\"473\" height=\"590\" data-id=\"157\" src=\"https:\/\/bugard.com.co\/wp-content\/uploads\/2022\/02\/Magnorecepcion_1.png\" alt=\"\" class=\"wp-image-157\" srcset=\"https:\/\/bugard.com.co\/wp-content\/uploads\/2022\/02\/Magnorecepcion_1.png 473w, https:\/\/bugard.com.co\/wp-content\/uploads\/2022\/02\/Magnorecepcion_1-241x300.png 241w\" sizes=\"auto, (max-width: 473px) 100vw, 473px\" \/><\/figure>\n<\/figure>\n\n\n\n<p><\/p>\n\n\n\n<blockquote class=\"wp-block-quote is-layout-flow wp-block-quote-is-layout-flow\"><p>La\u00a0<strong>magnetorrecepci\u00f3n<\/strong>\u00a0es la habilidad de notar los campos magn\u00e9ticos para percibir una posici\u00f3n determinada, la direcci\u00f3n del campo magn\u00e9tico. Asimismo, como conocer la latitud en la cual se encuentran entre ellas las aves como las palomas.<\/p><\/blockquote>\n\n\n\n<p>Las Ondas complejas son similares a las ondas de radio comercial, dentro de <strong>la banda de baja frecuencia<\/strong> (LF), que se Inter modulan entre s\u00ed y generan arm\u00f3nicos impredecibles.<\/p>\n\n\n\n<p>Estas ondas generan un insoportable <strong>malestar<\/strong> en las aves, oblig\u00e1ndolas a abandonar sus lugares de posado o anidamiento.<\/p>\n\n\n\n<p>Arm\u00f3nicos son <strong>ondas sinusoidales<\/strong> m\u00faltiplo de la frecuencia original. Son impredecibles, lo que hace que sean muy efectivas en el control de plagas.<\/p>\n\n\n\n<p>Intermodulaci\u00f3n significa que una onda afecta a la otra que a su vez es afectada por otras.<\/p>\n\n\n\n<p>Las pruebas de laboratorio y las experiencias a campo han demostrado <strong>m\u00e1s del 95% de efectividad<\/strong> no permitiendo la recolonizaci\u00f3n del lugar tratado, evitando la posibilidad de que las aves se acostumbren a los efectos que el equipo les produce.&nbsp; El control de roedores con los <strong>EXODUS PLUS<\/strong> ha tenido un <strong>99% <\/strong>de efectividad.<\/p>\n","protected":false},"excerpt":{"rendered":"<p>La\u00a0magnetorrecepci\u00f3n\u00a0es la habilidad de notar los campos magn\u00e9ticos para percibir una posici\u00f3n determinada, la direcci\u00f3n del campo magn\u00e9tico. Asimismo, como conocer la latitud en la cual se encuentran entre ellas las aves como las palomas. Las Ondas complejas son similares a las ondas de radio comercial, dentro de la banda [&hellip;]<\/p>\n","protected":false},"author":1,"featured_media":0,"parent":0,"menu_order":0,"comment_status":"closed","ping_status":"closed","template":"","meta":{"om_disable_all_campaigns":false,"_monsterinsights_skip_tracking":false,"_monsterinsights_sitenote_active":false,"_monsterinsights_sitenote_note":"","_monsterinsights_sitenote_category":0,"footnotes":""},"class_list":["post-2","page","type-page","status-publish","hentry"],"aioseo_notices":[],"_links":{"self":[{"href":"https:\/\/bugard.com.co\/index.php?rest_route=\/wp\/v2\/pages\/2","targetHints":{"allow":["GET"]}}],"collection":[{"href":"https:\/\/bugard.com.co\/index.php?rest_route=\/wp\/v2\/pages"}],"about":[{"href":"https:\/\/bugard.com.co\/index.php?rest_route=\/wp\/v2\/types\/page"}],"author":[{"embeddable":true,"href":"https:\/\/bugard.com.co\/index.php?rest_route=\/wp\/v2\/users\/1"}],"replies":[{"embeddable":true,"href":"https:\/\/bugard.com.co\/index.php?rest_route=%2Fwp%2Fv2%2Fcomments&post=2"}],"version-history":[{"count":3,"href":"https:\/\/bugard.com.co\/index.php?rest_route=\/wp\/v2\/pages\/2\/revisions"}],"predecessor-version":[{"id":160,"href":"https:\/\/bugard.com.co\/index.php?rest_route=\/wp\/v2\/pages\/2\/revisions\/160"}],"wp:attachment":[{"href":"https:\/\/bugard.com.co\/index.php?rest_route=%2Fwp%2Fv2%2Fmedia&parent=2"}],"curies":[{"name":"wp","href":"https:\/\/api.w.org\/{rel}","templated":true}]}}